{"id":1024,"date":"2019-05-25T15:30:06","date_gmt":"2019-05-25T14:30:06","guid":{"rendered":"http:\/\/www.ambienthotel.si\/location\/"},"modified":"2023-06-18T14:19:47","modified_gmt":"2023-06-18T12:19:47","slug":"location","status":"publish","type":"page","link":"https:\/\/ambienthotel.si\/en\/location\/","title":{"rendered":"Location"},"content":{"rendered":"<p><div class=\"fusion-fullwidth fullwidth-box fusion-builder-row-1 fusion-parallax-none header2 nonhundred-percent-fullwidth non-hundred-percent-height-scrolling lazyload\" style=\"background-color: rgba(255,255,255,0);background-position: center center;background-repeat: no-repeat;padding-top:0px;padding-right:0px;padding-bottom:0px;padding-left:0px;margin-bottom: 0px;margin-top: 0px;border-width: 0px 0px 0px 0px;border-color:#eae9e9;border-style:solid;-webkit-background-size:cover;-moz-background-size:cover;-o-background-size:cover;background-size:cover;\" data-bg=\"https:\/\/www.ambienthotel.si\/wp-content\/uploads\/2019\/05\/AmbientHotel_PS_lokacija_01_01.jpg\" ><div class=\"fusion-builder-row fusion-row\"><div class=\"fusion-layout-column fusion_builder_column fusion-builder-column-0 fusion_builder_column_1_1 1_1 fusion-one-full fusion-column-first fusion-column-last\" style=\"margin-top:0px;margin-bottom:20px;\"><div class=\"fusion-column-wrapper fusion-flex-column-wrapper-legacy\" style=\"background-position:left top;background-repeat:no-repeat;-webkit-background-size:cover;-moz-background-size:cover;-o-background-size:cover;background-size:cover;padding: 0px 0px 0px 0px;\"><div class=\"fusion-text fusion-text-1\"><h1 style=\"color: white; font-size: 70px; position: relative; top: 280px;\">LOCATION<\/h1>\n<\/div><div class=\"fusion-clearfix\"><\/div><\/div><\/div><\/div><\/div><div class=\"fusion-fullwidth fullwidth-box fusion-builder-row-2 nonhundred-percent-fullwidth non-hundred-percent-height-scrolling\" style=\"background-color: #ffffff;background-position: center center;background-repeat: no-repeat;padding-top:40px;padding-right:0px;padding-bottom:60px;padding-left:0px;margin-bottom: 0px;margin-top: 0px;border-width: 0px 0px 0px 0px;border-color:#eae9e9;border-style:solid;\" ><div class=\"fusion-builder-row fusion-row\"><div class=\"fusion-layout-column fusion_builder_column fusion-builder-column-1 fusion_builder_column_1_2 1_2 fusion-one-half fusion-column-first fusion-animated\" style=\"width:50%;width:calc(50% - ( ( 4% ) * 0.5 ) );margin-right: 4%;margin-top:45px;margin-bottom:20px;\" data-animationType=\"slideInLeft\" data-animationDuration=\"0.8\" data-animationOffset=\"top-into-view\"><div class=\"fusion-column-wrapper fusion-flex-column-wrapper-legacy\" style=\"background-position:left top;background-repeat:no-repeat;-webkit-background-size:cover;-moz-background-size:cover;-o-background-size:cover;background-size:cover;padding: 0px 0px 0px 0px;\"><script type=\"text\/blocked\" data-sck_type=\"6\" data-sck_unlock=\"statistics\" data-sck_ref=\"Google Maps\" data-sck_index=\"1\" class=\"BlockedBySmartCookieKit\">\n\t\t\t\t\t\tvar map_fusion_map_69ea452f6f318;\n\t\t\t\t\t\tvar markers = [];\n\t\t\t\t\t\tvar counter = 0;\n\t\t\t\t\t\t\t\t\t\t\t\t\t\t\t\t\t\t\t\tvar fusionMapNonce = 'a8bf54033a';\n\t\t\t\t\t\t\t\t\t\t\t\tfunction fusion_run_map_fusion_map_69ea452f6f318() {\n\t\t\t\t\t\t\tjQuery('#fusion_map_69ea452f6f318').fusion_maps({\n\t\t\t\t\t\t\t\taddresses: [{\"address\":\"A\\u0161ker\\u010deva ulica 6a, 1230 Dom\\u017eale, Slovenija\",\"infobox_content\":\"\",\"coordinates\":false,\"cache\":true,\"latitude\":\"46.1309249\",\"longitude\":\"14.597650899999962\"}],\n\t\t\t\t\t\t\t\tanimations: false,\n\t\t\t\t\t\t\t\tinfobox_background_color: '',\n\t\t\t\t\t\t\t\tinfobox_styling: 'default',\n\t\t\t\t\t\t\t\tinfobox_text_color: '',\n\t\t\t\t\t\t\t\tmap_style: 'custom',\n\t\t\t\t\t\t\t\tmap_type: 'roadmap',\n\t\t\t\t\t\t\t\tmarker_icon: '',\n\t\t\t\t\t\t\t\toverlay_color: '#919191',\n\t\t\t\t\t\t\t\toverlay_color_hsl: {\"hue\":0,\"sat\":0,\"lum\":57},\n\t\t\t\t\t\t\t\tpan_control: true,\n\t\t\t\t\t\t\t\tshow_address: true,\n\t\t\t\t\t\t\t\tscale_control: true,\n\t\t\t\t\t\t\t\tscrollwheel: false,\n\t\t\t\t\t\t\t\tzoom: 14,\n\t\t\t\t\t\t\t\tzoom_control: true,\n\t\t\t\t\t\t\t});\n\t\t\t\t\t\t}\n\n\t\t\t\t\t\tgoogle.maps.event.addDomListener(window, 'load', fusion_run_map_fusion_map_69ea452f6f318);\n\t\t\t\t\t<\/script>\n\t\t\t\t\t<div class=\"shortcode-map fusion-google-map fusion-maps-js-type fusion-google-map_BlockedBySmartCookieKit BlockedBySmartCookieKit BlockedBySmartCookieKit_1\" id=\"fusion_map_69ea452f6f318\" style=\"height:505px;width:100%;\" data-sck_unlock=\"statistics\" data-sck_ref=\"Google Maps\" data-sck_index=\"1\" data-sck_type=\"6\"><\/div><div class=\"fusion-clearfix\"><\/div><\/div><\/div><div class=\"fusion-layout-column fusion_builder_column fusion-builder-column-2 fusion_builder_column_1_2 1_2 fusion-one-half fusion-column-last\" style=\"width:50%;width:calc(50% - ( ( 4% ) * 0.5 ) );margin-top:20px;margin-bottom:20px;\"><div class=\"fusion-column-wrapper fusion-flex-column-wrapper-legacy\" style=\"background-position:left top;background-repeat:no-repeat;-webkit-background-size:cover;-moz-background-size:cover;-o-background-size:cover;background-size:cover;padding: 0px 0px 0px 0px;\"><div class=\"fusion-text fusion-text-2\"><h3 style=\"color: #b14738;\">HOW TO REACH US?<\/h3>\n<\/div><div class=\"fusion-text fusion-text-3\"><p><strong>Address:<\/strong> A\u0161ker\u010deva ulica 6a, 1230 Dom\u017eale<br \/>\n<strong>GPS:<\/strong> 46.131144, 14.597671<\/p>\n<p>The Ambient Hotel is located in an ideal location near Ljubljana and the highway ring (<b>2 km<\/b>), which ensures a quick connection to the city center, the Jo\u017ee Pu\u010dnik Airport (Ljubljana Airport) and other tourist destinations in Slovenia (Bled 53 km, Postojna 70 km, Kamnik &#8211; Velika Planina 15 km, Ljubljana 16 km).<\/p>\n<ul>\n<li>Ambient Hotel &#8211; Dom\u017eale center: <b>1 km\u00a0<\/b><\/li>\n<li>Ambient hotel \u2013 Ljubljana: <strong>16 km<\/strong><\/li>\n<li>Ambient hotel \u2013 Jo\u017eet Pu\u010dnik Airport: <strong>20 km<\/strong><\/li>\n<li>Ambient hotel \u2013 Velika planina: <strong>24 km<\/strong><\/li>\n<li>Ambient hotel \u2013 Slovenian Coast: <strong>130 km<\/strong><\/li>\n<li>Ambient hotel \u2013 Trieste: <b>100 km<\/b><\/li>\n<li>Ambient hotel \u2013 Venice: <b>250 km<\/b><\/li>\n<\/ul>\n<\/div><div class=\"fusion-clearfix\"><\/div><\/div><\/div><\/div><\/div><div class=\"fusion-fullwidth fullwidth-box fusion-builder-row-3 nonhundred-percent-fullwidth non-hundred-percent-height-scrolling\" style=\"background-color: #efefef;background-position: center center;background-repeat: no-repeat;padding-top:60px;padding-right:0px;padding-bottom:50px;padding-left:0px;margin-bottom: 0px;margin-top: 0px;border-width: 0px 0px 0px 0px;border-color:#eae9e9;border-style:solid;\" ><div class=\"fusion-builder-row fusion-row\"><div class=\"fusion-layout-column fusion_builder_column fusion-builder-column-3 fusion_builder_column_1_2 1_2 fusion-one-half fusion-column-first\" style=\"width:50%;width:calc(50% - ( ( 4% ) * 0.5 ) );margin-right: 4%;margin-top:0px;margin-bottom:20px;\"><div class=\"fusion-column-wrapper fusion-flex-column-wrapper-legacy\" style=\"background-position:left top;background-repeat:no-repeat;-webkit-background-size:cover;-moz-background-size:cover;-o-background-size:cover;background-size:cover;padding: 0px 0px 0px 0px;\"><div class=\"fusion-text fusion-text-4\"><h3 style=\"color: #b14738; font-size: 26px;\">ARRIVING BY CAR<\/h3>\n<\/div><div class=\"fusion-text fusion-text-5\"><p>When driving on the Slovenian motorway vignette is required (details: <a href=\"https:\/\/www.dars.si\/vignette_system\/about_the_vignette\">https:\/\/www.dars.si\/vignette_system\/about_the_vignette<\/a>).<\/p>\n<p>In front of the Hotel is a large parking lot for cars &#8211; free of charge. <a style=\"color: #b14738;\">70 parking spaces <\/a>are available.<\/p>\n<p style=\"color: #b14738;\"><strong>From the direction of Ljubljana:<\/strong><\/p>\n<p>Take the highway to the exit of Dom\u017eale and turn right. Continue straight ahead, turn left at the first traffic light. On the roundabout take the second exit, continuing straight ahead past the gas station. At the traffic light next to the gas station, continue straight ahead past a football stadion and a shopping centre Mercator. On the next two traffic lights, continue straight ahead and then turn left. Continue straight ahead for approximately 500 metres until the next traffic light in the Dom\u017eale centre, where you turn left. Continue straight ahead and after 1 kilometre, turn left into a residential street, marked with a sign for &#8220;Ambient Hotel&#8221;. At the end of the street there is the hotel car park.<\/p>\n<p style=\"color: #b14738;\"><strong>From the direction of Maribor:<\/strong><\/p>\n<p>Take the highway to the exit of Dom\u017eale. Continue straight across at the traffic light. On the roundabout take the second exit, continuing straight ahead past the gas station. At the traffic light next to the gas station, continue straight ahead past a football stadion and a shopping centre Mercator. On the next two traffic lights, continue straight ahead and then turn left. Continue straight ahead for approximately 500 metres until the next traffic light in the Dom\u017eale centre, where you turn left. Continue straight ahead and after 1 kilometre, turn left into a residential street, marked with a sign for &#8220;Ambient Hotel&#8221;. At the end of the street there is the hotel car park.<\/p>\n<\/div><div class=\"fusion-clearfix\"><\/div><\/div><\/div><div class=\"fusion-layout-column fusion_builder_column fusion-builder-column-4 fusion_builder_column_1_2 1_2 fusion-one-half fusion-column-last\" style=\"width:50%;width:calc(50% - ( ( 4% ) * 0.5 ) );margin-top:0px;margin-bottom:20px;\"><div class=\"fusion-column-wrapper fusion-flex-column-wrapper-legacy\" style=\"background-position:left top;background-repeat:no-repeat;-webkit-background-size:cover;-moz-background-size:cover;-o-background-size:cover;background-size:cover;padding: 0px 0px 0px 0px;\"><div class=\"fusion-text fusion-text-6\"><h3 style=\"color: #b14738; font-size: 26px;\">ARRIVING BY BUS OR TRAIN<\/h3>\n<\/div><div class=\"fusion-text fusion-text-7\"><p>The bus and train stations are located in the center of Dom\u017eale. They are approximately 1 km from the Hotel.<\/p>\n<p><i>Train schedule <\/i>is available on <a href=\"https:\/\/potniski.sz.si\/\"><strong>https:\/\/potniski.sz.si\/<\/strong><\/a><\/p>\n<p><i>Bus schedule <\/i>is available on <a href=\"https:\/\/arriva.si\/\"><strong>https:\/\/arriva.si\/<\/strong><\/a><\/p>\n<\/div><div class=\"fusion-text fusion-text-8\"><h3 style=\"color: #b14738; font-size: 26px; margin-top: 150px;\">TRANSPORT FROM AND TO THE AIRPORT<\/h3>\n<\/div><div class=\"fusion-text fusion-text-9\"><p>For hotel guests, we can organize transfers from and to <a style=\"color: #b14738;\">Jo\u017ee Pu\u010dnik Airport (Ljubljana Airport).<\/a><br \/>\nThe services are carried out by a partner company.<\/p>\n<p>Please book your transfer upon the reservation of the hotel room.<\/p>\n<p>For detailed information, please contact the Hotel Reception \u2013 tel. <strong><a href=\"tel:082002000\">+386 8 200 20 00<\/a><\/strong> or email:<strong> <a style=\"color: #b14738;\" href=\"mailto:info@ambienthotel.si\">info@ambienthotel.si<\/a>.<\/strong><\/p>\n<\/div><div class=\"fusion-clearfix\"><\/div><\/div><\/div><\/div><\/div><div class=\"fusion-fullwidth fullwidth-box fusion-builder-row-4 nonhundred-percent-fullwidth non-hundred-percent-height-scrolling\" style=\"background-color: #b14738;background-position: center center;background-repeat: no-repeat;padding-top:0px;padding-right:0px;padding-bottom:0px;padding-left:0px;margin-bottom: 0px;margin-top: 0px;border-width: 0px 0px 0px 0px;border-color:#eae9e9;border-style:solid;\" ><div class=\"fusion-builder-row fusion-row\"><div class=\"fusion-layout-column fusion_builder_column fusion-builder-column-5 fusion_builder_column_1_2 1_2 fusion-one-half fusion-column-first fusion-animated\" style=\"width:50%;width:calc(50% - ( ( 4% ) * 0.5 ) );margin-right: 4%;margin-top:0px;margin-bottom:20px;\" data-animationType=\"slideInLeft\" data-animationDuration=\"1.0\" data-animationOffset=\"top-into-view\"><div class=\"fusion-column-wrapper fusion-flex-column-wrapper-legacy\" style=\"background-position:left top;background-repeat:no-repeat;-webkit-background-size:cover;-moz-background-size:cover;-o-background-size:cover;background-size:cover;padding: 18px 0px 0px 0px;\"><span class=\" fusion-imageframe imageframe-none imageframe-1 hover-type-none\"><img width=\"254\" height=\"64\" title=\"Logo_Ambient\" src=\"https:\/\/ambienthotel.si\/wp-content\/uploads\/2019\/03\/Logo_Ambient.png\" data-orig-src=\"https:\/\/www.ambienthotel.si\/wp-content\/uploads\/2019\/03\/Logo_Ambient.png\" alt class=\"lazyload img-responsive wp-image-24\" srcset=\"data:image\/svg+xml,%3Csvg%20xmlns%3D%27http%3A%2F%2Fwww.w3.org%2F2000%2Fsvg%27%20width%3D%27254%27%20height%3D%2764%27%20viewBox%3D%270%200%20254%2064%27%3E%3Crect%20width%3D%27254%27%20height%3D%2764%27%20fill-opacity%3D%220%22%2F%3E%3C%2Fsvg%3E\" data-srcset=\"https:\/\/ambienthotel.si\/wp-content\/uploads\/2019\/03\/Logo_Ambient-200x50.png 200w, https:\/\/ambienthotel.si\/wp-content\/uploads\/2019\/03\/Logo_Ambient.png 254w\" data-sizes=\"auto\" data-orig-sizes=\"(max-width: 800px) 100vw, 254px\" \/><\/span><div class=\"fusion-clearfix\"><\/div><\/div><\/div><div class=\"fusion-layout-column fusion_builder_column fusion-builder-column-6 fusion_builder_column_1_2 1_2 fusion-one-half fusion-column-last fusion-animated\" style=\"width:50%;width:calc(50% - ( ( 4% ) * 0.5 ) );margin-top:0px;margin-bottom:20px;\" data-animationType=\"slideInRight\" data-animationDuration=\"1.0\" data-animationOffset=\"top-into-view\"><div class=\"fusion-column-wrapper fusion-flex-column-wrapper-legacy\" style=\"background-position:left top;background-repeat:no-repeat;-webkit-background-size:cover;-moz-background-size:cover;-o-background-size:cover;background-size:cover;padding: 25px 0px 0px 0px;\"><div class=\"fusion-text fusion-text-10\"><p style=\"color: white; font-size: 33px; text-align: right;\">Your host in the <i class=\"far fa-heart\"><\/i> of Slovenia!<\/p>\n<\/div><div class=\"fusion-clearfix\"><\/div><\/div><\/div><\/div><\/div><\/p>\n","protected":false},"excerpt":{"rendered":"","protected":false},"author":1,"featured_media":0,"parent":0,"menu_order":0,"comment_status":"closed","ping_status":"closed","template":"100-width.php","meta":[],"_links":{"self":[{"href":"https:\/\/ambienthotel.si\/en\/wp-json\/wp\/v2\/pages\/1024"}],"collection":[{"href":"https:\/\/ambienthotel.si\/en\/wp-json\/wp\/v2\/pages"}],"about":[{"href":"https:\/\/ambienthotel.si\/en\/wp-json\/wp\/v2\/types\/page"}],"author":[{"embeddable":true,"href":"https:\/\/ambienthotel.si\/en\/wp-json\/wp\/v2\/users\/1"}],"replies":[{"embeddable":true,"href":"https:\/\/ambienthotel.si\/en\/wp-json\/wp\/v2\/comments?post=1024"}],"version-history":[{"count":16,"href":"https:\/\/ambienthotel.si\/en\/wp-json\/wp\/v2\/pages\/1024\/revisions"}],"predecessor-version":[{"id":2100,"href":"https:\/\/ambienthotel.si\/en\/wp-json\/wp\/v2\/pages\/1024\/revisions\/2100"}],"wp:attachment":[{"href":"https:\/\/ambienthotel.si\/en\/wp-json\/wp\/v2\/media?parent=1024"}],"curies":[{"name":"wp","href":"https:\/\/api.w.org\/{rel}","templated":true}]}}